{"id":96,"date":"2025-01-21T19:01:31","date_gmt":"2025-01-21T19:01:31","guid":{"rendered":"https:\/\/paolaorsini.it\/shop\/?post_type=product&#038;p=96"},"modified":"2025-09-15T00:04:59","modified_gmt":"2025-09-15T00:04:59","slug":"manuale-vivi-a-colori","status":"publish","type":"product","link":"https:\/\/paolaorsini.it\/shop\/prodotto\/manuale-vivi-a-colori\/","title":{"rendered":"Vivi a Colori &#8211; La TUA bussola alimentare"},"content":{"rendered":"<p>Se soffri di allergie o intolleranze alimentari, sai quanto possa essere frustrante capire cosa mangiare senza rischiare fastidiosi sintomi. <em>&#8220;Vivi a Colori&#8221;<\/em> di Paola Orsini \u00e8 molto pi\u00f9 di una semplice guida: \u00e8 il frutto di tre anni di ricerca e di un lavoro dedicato per offrirti un supporto pratico e affidabile.<\/p>\n<p>Questo ebook, unico nel suo genere, ti aiuter\u00e0 a scoprire <strong>come trasformare la tua alimentazione e migliorare la qualit\u00e0 della tua vita<\/strong> grazie a consigli mirati e informazioni preziose.<\/p>\n<p><strong>Cosa troverai in questa guida:<br \/>\n<\/strong><br \/>\n\u2714 <strong>Un approccio sicuro e testato:<\/strong> Ogni alimento \u00e8 stato selezionato con cura e studiato per aiutarti a evitare le reazioni allergiche al nichel e altre intolleranze come glutine e lattosio.<\/p>\n<p>\u2714 <strong>Informazioni dettagliate:<\/strong> Imparerai come gli alimenti influenzano il tuo corpo, rendendo pi\u00f9 facile fare scelte consapevoli per il tuo benessere quotidiano.<\/p>\n<p>\u2714 <strong>Consigli pratici e applicabili:<\/strong> Troverai strategie semplici e immediate per gestire la tua alimentazione, riducendo i sintomi e migliorando il tuo stato di salute generale.<\/p>\n<p><strong>Perch\u00e9 leggere &#8220;<em>Vivi a Colori&#8221;<\/em>?<\/strong><br \/>\nPaola Orsini, studiosa di naturopatia ed esperta riconosciuta, ha vissuto in prima persona le sfide legate all\u2019allergia al nichel. Questo manuale \u00e8 il risultato del suo percorso, arricchito dall\u2019esperienza e dalla volont\u00e0 di aiutarti a superare le difficolt\u00e0 che ha affrontato.<\/p>\n<p><strong>Un valore unico<\/strong> Con un costo di 49\u20ac, <em>&#8220;Vivi a Colori&#8221;<\/em> rappresenta una risorsa indispensabile per chi cerca un percorso sicuro e ben documentato verso una vita pi\u00f9 sana e serena.<\/p>\n","protected":false},"excerpt":{"rendered":"<p><em>\u201cVivi a Colori \u2013 La Tua Bussola Alimentare\u201d<\/em>\u00a0\u00e8 il manuale essenziale per chi desidera trasformare il proprio stile di vita e raggiungere un benessere completo, fisico e mentale.<\/p>\n<p>Questo ebook non \u00e8 solo un elenco di consigli, ma una vera e propria\u00a0<strong>guida pratica per imparare a vivere meglio ogni giorno<\/strong>, affrontando le sfide quotidiane con consapevolezza e positivit\u00e0.<\/p>\n<p>Considera questa guida come un faro nel buio, un alleato fidato che ti accompagner\u00e0 nel tuo viaggio verso una vita pi\u00f9 sana.<\/p>\n","protected":false},"featured_media":117,"comment_status":"open","ping_status":"closed","template":"","meta":{"iawp_total_views":7},"product_brand":[],"product_cat":[16],"product_tag":[20,19,21],"class_list":{"0":"post-96","1":"product","2":"type-product","3":"status-publish","4":"has-post-thumbnail","6":"product_cat-ebook","7":"product_tag-disintossicarsi","8":"product_tag-ebook","9":"product_tag-nichel","11":"first","12":"instock","13":"downloadable","14":"virtual","15":"sold-individually","16":"purchasable","17":"product-type-simple"},"_links":{"self":[{"href":"https:\/\/paolaorsini.it\/shop\/wp-json\/wp\/v2\/product\/96","targetHints":{"allow":["GET"]}}],"collection":[{"href":"https:\/\/paolaorsini.it\/shop\/wp-json\/wp\/v2\/product"}],"about":[{"href":"https:\/\/paolaorsini.it\/shop\/wp-json\/wp\/v2\/types\/product"}],"replies":[{"embeddable":true,"href":"https:\/\/paolaorsini.it\/shop\/wp-json\/wp\/v2\/comments?post=96"}],"wp:featuredmedia":[{"embeddable":true,"href":"https:\/\/paolaorsini.it\/shop\/wp-json\/wp\/v2\/media\/117"}],"wp:attachment":[{"href":"https:\/\/paolaorsini.it\/shop\/wp-json\/wp\/v2\/media?parent=96"}],"wp:term":[{"taxonomy":"product_brand","embeddable":true,"href":"https:\/\/paolaorsini.it\/shop\/wp-json\/wp\/v2\/product_brand?post=96"},{"taxonomy":"product_cat","embeddable":true,"href":"https:\/\/paolaorsini.it\/shop\/wp-json\/wp\/v2\/product_cat?post=96"},{"taxonomy":"product_tag","embeddable":true,"href":"https:\/\/paolaorsini.it\/shop\/wp-json\/wp\/v2\/product_tag?post=96"}],"curies":[{"name":"wp","href":"https:\/\/api.w.org\/{rel}","templated":true}]}}